{"id":47,"date":"2025-09-09T17:30:48","date_gmt":"2025-09-09T17:30:48","guid":{"rendered":"https:\/\/katzundratz.de\/?page_id=47"},"modified":"2026-03-09T15:33:40","modified_gmt":"2026-03-09T15:33:40","slug":"beratungsangebot","status":"publish","type":"page","link":"https:\/\/katzundratz.de\/index.php\/beratungsangebot\/","title":{"rendered":"Tierisch gut beraten!"},"content":{"rendered":"\n<h2 class=\"wp-block-heading\">Beratungsangebot und Kontakt<\/h2>\n\n\n\n<p><\/p>\n\n\n\n<h4 class=\"wp-block-heading is-style-asterisk\"><strong>Haltungsberatung Katze<\/strong><\/h4>\n\n\n\n<p>Beratungsthemen im Rahmen der Haltungsberatung k\u00f6nnen zum Beispiel sein:<\/p>\n\n\n\n<ul class=\"wp-block-list\">\n<li>Auswahl einer Katze (Kater oder K\u00e4tzin? Kitten oder Senior? Tierheim oder Z\u00fcchter? Welche Eigenschaften k\u00f6nnen bestimmte Rassekatzen haben? Auf was sollte man bei der Entscheidung achten?),<\/li>\n\n\n\n<li>Einzug einer Katze (Ausstattung, Ankunft im neuen Zuhause und erste Tage, Zusammenf\u00fchrung mit vorhandener Katze),<\/li>\n\n\n\n<li>Gestaltung einer katzengerechten und katzensicheren Wohnung,<\/li>\n\n\n\n<li>Spiel- und Besch\u00e4ftigungsm\u00f6glichkeiten etc.<\/li>\n<\/ul>\n\n\n\n<p>Die Haltungsberatung ist auf Ihre individuelle Situation abgestimmt. Es werden daher unter anderem Angaben zu Ihren W\u00fcnschen und Vorstellungen sowie zu zeitlichen und r\u00e4umlichen M\u00f6glichkeiten abgefragt.<\/p>\n\n\n\n<p><\/p>\n\n\n\n<p class=\"has-custom-color-2-background-color has-background\"><strong>Haltungsberatung Katze<br>Stundensatz 80,- EUR<\/strong> (zzgl. Fahrtkosten)<\/p>\n\n\n\n<h4 class=\"wp-block-heading is-style-asterisk\"><strong>Verhaltensberatung Katze<\/strong><\/h4>\n\n\n\n<p>Ursachensuche und Beratung bei Verhaltensauff\u00e4lligkeiten von Katzen (z. B. Unsauberkeit, Markierverhalten, Angst, Nicht-zur-Ruhe-kommen, R\u00fcckzug, Probleme im Mehrkatzenhaushalt), bei Anpassungsschwierigkeiten, Verhaltens\u00e4nderungen etc.<\/p>\n\n\n\n<p>&#8212;<\/p>\n\n\n\n<p>Die Verhaltensberatung zur Katze umfasst immer eine ausf\u00fchrliche Anamnese per Fragebogen und Gespr\u00e4ch. Im Nachgang erhalten Sie einen Ma\u00dfnahmenplan, den wir im Beratungsgespr\u00e4ch gemeinsam durchgehen. Zur Erfolgskontrolle vereinbaren wir mit zeitlichem Abstand ein kurzes Nachsorgegespr\u00e4ch.<\/p>\n\n\n\n<p>Das erste Gespr\u00e4ch findet \u00fcblicherweise bei Ihnen vor Ort statt. Bei Folgeterminen kann je nach Fall ebenfalls ein Termin vor Ort sinnvoll sein oder auch per Videokonferenz oder telefonisch m\u00f6glich sein.<\/p>\n\n\n\n<p>Bitte beachten Sie, dass insbesondere bei komplexen oder bereits l\u00e4nger andauernden Problematiken eine Besserung oft nur langsam eintritt.<\/p>\n\n\n\n<p><strong>Preise und Pakete<\/strong><\/p>\n\n\n\n<p class=\"has-custom-color-1-color has-text-color has-link-color wp-elements-8fa0aad90903045faf58143172a203ef\"><em>Stand 08. November 2025<\/em><\/p>\n\n\n\n<p class=\"has-custom-color-2-background-color has-background\"><strong>Paket &#8222;Verhaltensberatung Katze&#8220;: <br>200,- EUR<\/strong> (zzgl. Fahrtkosten)<br><em><em>beinhaltet: 90 Minuten ausf\u00fchrliches Anamnesegespr\u00e4ch, <em><em>Auswertung des Anamnesebogens, <\/em><\/em>Erstellen eines Ma\u00dfnahmenplans, 60 Minuten Beratungsgespr\u00e4ch, ca. 15 Minuten Nachsorgegespr\u00e4ch<\/em><\/em><\/p>\n\n\n\n<p class=\"has-custom-color-2-background-color has-background\"><strong>Paket &#8222;Verhaltensberatung Katze &amp; Clickertraining&#8220;:<\/strong><br><strong>340,- EUR <\/strong>(zzgl. Fahrtkosten)<br><em><em>beinhaltet: <em><em>90 Minuten ausf\u00fchrliches Anamnesegespr\u00e4ch, <em><em>Auswertung des Anamnesebogens, <\/em><\/em>Erstellen eines Ma\u00dfnahmenplans, 60 Minuten Beratungsgespr\u00e4ch, ca. 15 Minuten Nachsorgegespr\u00e4ch<\/em><\/em><\/em> sowie insgesamt 120 Minuten Einf\u00fchrung und Anleitung zum Clickertraining<\/em><\/p>\n\n\n\n<p>Auf Wunsch ist auch eine Abrechnung nach <strong>Stundensatz <\/strong>m\u00f6glich.<\/p>\n\n\n\n<p class=\"has-custom-color-2-background-color has-background\"><strong>Erstberatung Verhalten Katze:<br>Stundensatz 80,- EUR <\/strong>(zzgl. Fahrtkosten)<br>&#8211; <em>beinhaltet meine Vorbereitung und Auswertung der ausf\u00fchrlichen Anamnese<\/em>.<\/p>\n\n\n\n<p class=\"has-custom-color-1-color has-custom-color-2-background-color has-text-color has-background has-link-color wp-elements-41effe05c7b39f083472b488fcaecec7\"><strong>Folgeberatung Verhalten Katze:<\/strong><br><strong>Stundensatz 70,- Euro<\/strong> (zzgl. Fahrtkosten, sofern diese anfallen)<br><em>&#8211; wenn mir Katze, Halter und Problematik bereits durch eine vorangegangene Beratung bekannt sind, die nicht l\u00e4nger als 1 Jahr zur\u00fcckliegt.<\/em><\/p>\n\n\n\n<p class=\"has-custom-color-2-background-color has-background\"><strong>Clickertraining Katze:<\/strong><br><strong>Stundensatz 80,- EUR<\/strong> (zzgl. Fahrtkosten, sofern diese anfallen)<\/p>\n\n\n\n<p><\/p>\n\n\n\n<h4 class=\"wp-block-heading is-style-asterisk\"><strong>Beratung bei der Auswahl eines geeigneten Haustiers<\/strong><\/h4>\n\n\n\n<p>Beratung zu geeigneter Tierart oder Rasse unter Ber\u00fccksichtigung Ihrer Vorstellungen aber auch Wohnverh\u00e4ltnisse, famili\u00e4rer Umst\u00e4nde und der zeitlichen Verf\u00fcgbarkeit <\/p>\n\n\n\n<p>&#8212;<\/p>\n\n\n\n<p>Grundlage der Beratung sind ein Fragebogen und Gespr\u00e4ch, in denen Ihre Vorstellungen und Erwartungen an ein Haustier, aber auch Angaben zu den sp\u00e4teren Haltungsbedingungen und M\u00f6glichkeiten wie zum Beispiel Platz, Zeit und Bezugspersonen abgefragt werden.<\/p>\n\n\n\n<p class=\"has-text-color has-link-color wp-elements-0e0a35c01163ce604120b35b53e46600\" style=\"color:#bc023a\"><\/p>\n\n\n\n<p class=\"has-custom-color-2-background-color has-background\"><strong>Beratung bei der Auswahl eines Haustiers<br>Stundensatz 80,- EUR<\/strong> (zzgl. Fahrtkosten)<\/p>\n\n\n\n<p><\/p>\n\n\n\n<h4 class=\"wp-block-heading is-style-asterisk\"><strong>Haltungsberatung Kleins\u00e4uger<\/strong><\/h4>\n\n\n\n<p>Ursachensuche bei Verhaltensauff\u00e4lligkeiten von Einzeltieren oder in der Gruppe, Beratung zur Einrichtung von Kleintiergehegen, Futterplan, Vergesellschaftung &#8212;<\/p>\n\n\n\n<p>Grundlage des Beratung sind ein Fragebogen, die in Augenscheinnahme des Geheges und der Tiere vor Ort (sofern bereits vorhanden) sowie ein Gespr\u00e4ch zu den Tieren und deren Haltung.<\/p>\n\n\n\n<p class=\"has-text-color has-link-color wp-elements-4d98ec397c1e67e79f2f08fefab77f93\" style=\"color:#bc023a\"><\/p>\n\n\n\n<p class=\"has-custom-color-2-background-color has-background\"><strong>Haltungsberatung Kleins\u00e4uger<br>Stundensatz 80,- EUR<\/strong> (zzgl. Fahrtkosten)<\/p>\n\n\n\n<h4 class=\"wp-block-heading is-style-asterisk\"><strong>Fahrtkosten<\/strong><\/h4>\n\n\n\n<p>F\u00fcr Anfahrten im <strong>N\u00fcrnberger Land<\/strong>, nach <strong>N\u00fcrnberg<\/strong>, <strong>Neumarkt<\/strong> (Oberpfalz) oder im <strong>nordwestlichen Landkreis Neumarkt<\/strong> werden je Fahrt-Kilometer <strong>0,80 Euro <\/strong>berechnet.<\/p>\n\n\n\n<p><em>Grundlage ist jeweils die schnellste von Google Maps vorgeschlagene Route mit Startpunkt 90518 Altdorf\/OT Raschbach.<\/em><\/p>\n\n\n\n<p><\/p>\n\n\n\n<p><\/p>\n\n\n\n<figure class=\"wp-block-image size-large\"><img loading=\"lazy\" decoding=\"async\" width=\"1024\" height=\"280\" src=\"https:\/\/katzundratz.de\/wp-content\/uploads\/2025\/09\/katze2-300-1-1024x280.png\" alt=\"\" class=\"wp-image-113\" srcset=\"https:\/\/katzundratz.de\/wp-content\/uploads\/2025\/09\/katze2-300-1-1024x280.png 1024w, https:\/\/katzundratz.de\/wp-content\/uploads\/2025\/09\/katze2-300-1-300x82.png 300w, https:\/\/katzundratz.de\/wp-content\/uploads\/2025\/09\/katze2-300-1-768x210.png 768w, https:\/\/katzundratz.de\/wp-content\/uploads\/2025\/09\/katze2-300-1-1536x420.png 1536w, https:\/\/katzundratz.de\/wp-content\/uploads\/2025\/09\/katze2-300-1.png 1600w\" sizes=\"auto, (max-width: 1024px) 100vw, 1024px\" \/><\/figure>\n\n\n\n<h4 class=\"wp-block-heading is-style-asterisk\" id=\"kontakt\">Kontakt<\/h4>\n\n\n\n<p>Wenn Sie Fragen haben oder einen Termin vereinbaren m\u00f6chten, nutzen Sie bitte das Kontaktformular. Ich melde mich dann gerne bei Ihnen.<\/p>\n\n\n\n<p><\/p>\n\n\n\n<style id=\"wpforms-css-vars-231\">\n\t\t\t\t#wpforms-231 {\n\t\t\t\t--wpforms-container-padding: 0px;\n--wpforms-container-border-width: 1px;\n--wpforms-container-border-radius: 3px;\n--wpforms-background-color: rgba(0, 0, 0, 0);\n--wpforms-field-size-input-height: 43px;\n--wpforms-field-size-input-spacing: 15px;\n--wpforms-field-size-font-size: 16px;\n--wpforms-field-size-line-height: 19px;\n--wpforms-field-size-padding-h: 14px;\n--wpforms-field-size-checkbox-size: 16px;\n--wpforms-field-size-sublabel-spacing: 5px;\n--wpforms-field-size-icon-size: 1;\n--wpforms-label-size-font-size: 16px;\n--wpforms-label-size-line-height: 19px;\n--wpforms-label-size-sublabel-font-size: 14px;\n--wpforms-label-size-sublabel-line-height: 17px;\n--wpforms-button-size-font-size: 17px;\n--wpforms-button-size-height: 41px;\n--wpforms-button-size-padding-h: 15px;\n--wpforms-button-size-margin-top: 10px;\n--wpforms-container-shadow-size-box-shadow: none;\n\t\t\t}\n\t\t\t<\/style><div class=\"wpforms-container wpforms-container-full wpforms-render-modern\" id=\"wpforms-231\"><form id=\"wpforms-form-231\" class=\"wpforms-validate wpforms-form wpforms-ajax-form\" data-formid=\"231\" method=\"post\" enctype=\"multipart\/form-data\" action=\"\/index.php\/wp-json\/wp\/v2\/pages\/47\" data-token=\"1cff40ae0b495793c332d005edbeae15\" data-token-time=\"1776326486\"><noscript class=\"wpforms-error-noscript\">Bitte aktivieren Sie JavaScript in Ihrem Browser, um dieses Formular fertigzustellen.<\/noscript><div id=\"wpforms-error-noscript\" style=\"display: none;\">Bitte aktivieren Sie JavaScript in Ihrem Browser, um dieses Formular fertigzustellen.<\/div><div class=\"wpforms-field-container\"><div id=\"wpforms-231-field_1-container\" class=\"wpforms-field wpforms-field-name\" data-field-id=\"1\"><fieldset><legend class=\"wpforms-field-label\">Name <span class=\"wpforms-required-label\" aria-hidden=\"true\">*<\/span><\/legend><div class=\"wpforms-field-row wpforms-field-medium\"><div class=\"wpforms-field-row-block wpforms-first wpforms-one-half\"><input type=\"text\" id=\"wpforms-231-field_1\" class=\"wpforms-field-name-first wpforms-field-required\" name=\"wpforms[fields][1][first]\" aria-errormessage=\"wpforms-231-field_1-error\" required><label for=\"wpforms-231-field_1\" class=\"wpforms-field-sublabel after\">Vorname<\/label><\/div><div class=\"wpforms-field-row-block wpforms-one-half\"><input type=\"text\" id=\"wpforms-231-field_1-last\" class=\"wpforms-field-name-last wpforms-field-required\" name=\"wpforms[fields][1][last]\" aria-errormessage=\"wpforms-231-field_1-last-error\" required><label for=\"wpforms-231-field_1-last\" class=\"wpforms-field-sublabel after\">Nachname<\/label><\/div><\/div><\/fieldset><\/div><div id=\"wpforms-231-field_2-container\" class=\"wpforms-field wpforms-field-email\" data-field-id=\"2\"><label class=\"wpforms-field-label\" for=\"wpforms-231-field_2\">E-Mail <span class=\"wpforms-required-label\" aria-hidden=\"true\">*<\/span><\/label><input type=\"email\" id=\"wpforms-231-field_2\" class=\"wpforms-field-medium wpforms-field-required\" name=\"wpforms[fields][2]\" spellcheck=\"false\" aria-errormessage=\"wpforms-231-field_2-error\" required><\/div><div id=\"wpforms-231-field_4-container\" class=\"wpforms-field wpforms-field-text\" data-field-id=\"4\"><label class=\"wpforms-field-label\" for=\"wpforms-231-field_4\">Um welche Tierart geht es? <span class=\"wpforms-required-label\" aria-hidden=\"true\">*<\/span><\/label><input type=\"text\" id=\"wpforms-231-field_4\" class=\"wpforms-field-medium wpforms-field-required wpforms-limit-characters-enabled\" data-form-id=\"231\" data-field-id=\"4\" data-text-limit=\"20\" name=\"wpforms[fields][4]\" aria-errormessage=\"wpforms-231-field_4-error\" maxlength=\"20\" required><\/div>\t\t<div id=\"wpforms-231-field_6-container\"\n\t\t\tclass=\"wpforms-field wpforms-field-text\"\n\t\t\tdata-field-type=\"text\"\n\t\t\tdata-field-id=\"6\"\n\t\t\t>\n\t\t\t<label class=\"wpforms-field-label\" for=\"wpforms-231-field_6\" >einen E-Mail w\u00fcnschen,<\/label>\n\t\t\t<input type=\"text\" id=\"wpforms-231-field_6\" class=\"wpforms-field-medium\" name=\"wpforms[fields][6]\" >\n\t\t<\/div>\n\t\t<div id=\"wpforms-231-field_5-container\" class=\"wpforms-field wpforms-field-checkbox\" data-field-id=\"5\"><fieldset><legend class=\"wpforms-field-label\">Welche Art der Beratung suchen Sie?<\/legend><ul id=\"wpforms-231-field_5\"><li class=\"choice-1 depth-1\"><input type=\"checkbox\" id=\"wpforms-231-field_5_1\" name=\"wpforms[fields][5][]\" value=\"Beratung bei der Auswahl eines Haustieres\" aria-errormessage=\"wpforms-231-field_5_1-error\"  ><label class=\"wpforms-field-label-inline\" for=\"wpforms-231-field_5_1\">Beratung bei der Auswahl eines Haustieres<\/label><\/li><li class=\"choice-2 depth-1\"><input type=\"checkbox\" id=\"wpforms-231-field_5_2\" name=\"wpforms[fields][5][]\" value=\"Haltungsberatung Katze\" aria-errormessage=\"wpforms-231-field_5_2-error\"  ><label class=\"wpforms-field-label-inline\" for=\"wpforms-231-field_5_2\">Haltungsberatung Katze<\/label><\/li><li class=\"choice-5 depth-1\"><input type=\"checkbox\" id=\"wpforms-231-field_5_5\" name=\"wpforms[fields][5][]\" value=\"Haltungsberatung Kleins\u00e4uger\" aria-errormessage=\"wpforms-231-field_5_5-error\"  ><label class=\"wpforms-field-label-inline\" for=\"wpforms-231-field_5_5\">Haltungsberatung Kleins\u00e4uger<\/label><\/li><li class=\"choice-3 depth-1\"><input type=\"checkbox\" id=\"wpforms-231-field_5_3\" name=\"wpforms[fields][5][]\" value=\"Verhaltensberatung\/problematisches Verhalten Katze\" aria-errormessage=\"wpforms-231-field_5_3-error\"  ><label class=\"wpforms-field-label-inline\" for=\"wpforms-231-field_5_3\">Verhaltensberatung\/problematisches Verhalten Katze<\/label><\/li><li class=\"choice-6 depth-1\"><input type=\"checkbox\" id=\"wpforms-231-field_5_6\" name=\"wpforms[fields][5][]\" value=\"Zusammenf\u00fchrung\/Vergesellschaftung\" aria-errormessage=\"wpforms-231-field_5_6-error\"  ><label class=\"wpforms-field-label-inline\" for=\"wpforms-231-field_5_6\">Zusammenf\u00fchrung\/Vergesellschaftung<\/label><\/li><li class=\"choice-4 depth-1\"><input type=\"checkbox\" id=\"wpforms-231-field_5_4\" name=\"wpforms[fields][5][]\" value=\"Sonstiges\" aria-errormessage=\"wpforms-231-field_5_4-error\"  ><label class=\"wpforms-field-label-inline\" for=\"wpforms-231-field_5_4\">Sonstiges<\/label><\/li><\/ul><\/fieldset><\/div><div id=\"wpforms-231-field_3-container\" class=\"wpforms-field wpforms-field-textarea\" data-field-id=\"3\"><label class=\"wpforms-field-label\" for=\"wpforms-231-field_3\">Ihre Nachricht (Wenn Sie einen R\u00fcckruf w\u00fcnschen, k\u00f6nnen Sie in der Nachricht Ihre Telefonnummer angeben.) <span class=\"wpforms-required-label\" aria-hidden=\"true\">*<\/span><\/label><textarea id=\"wpforms-231-field_3\" class=\"wpforms-field-medium wpforms-field-required wpforms-limit-characters-enabled\" data-form-id=\"231\" data-field-id=\"3\" data-text-limit=\"200\" name=\"wpforms[fields][3]\" aria-errormessage=\"wpforms-231-field_3-error\" maxlength=\"200\" required><\/textarea><\/div><script>\n\t\t\t\t( function() {\n\t\t\t\t\tconst style = document.createElement( 'style' );\n\t\t\t\t\tstyle.appendChild( document.createTextNode( '#wpforms-231-field_6-container { position: absolute !important; overflow: hidden !important; display: inline !important; height: 1px !important; width: 1px !important; z-index: -1000 !important; padding: 0 !important; } #wpforms-231-field_6-container input { visibility: hidden; } #wpforms-conversational-form-page #wpforms-231-field_6-container label { counter-increment: none; }' ) );\n\t\t\t\t\tdocument.head.appendChild( style );\n\t\t\t\t\tdocument.currentScript?.remove();\n\t\t\t\t} )();\n\t\t\t<\/script><\/div><!-- .wpforms-field-container --><div class=\"wpforms-submit-container\" ><input type=\"hidden\" name=\"wpforms[id]\" value=\"231\"><input type=\"hidden\" name=\"page_title\" value=\"\"><input type=\"hidden\" name=\"page_url\" value=\"https:\/\/katzundratz.de\/index.php\/wp-json\/wp\/v2\/pages\/47\"><input type=\"hidden\" name=\"url_referer\" value=\"\"><button type=\"submit\" name=\"wpforms[submit]\" id=\"wpforms-submit-231\" class=\"wpforms-submit\" data-alt-text=\"Senden\u2026\" data-submit-text=\"Absenden\" aria-live=\"assertive\" value=\"wpforms-submit\">Absenden<\/button><img loading=\"lazy\" decoding=\"async\" src=\"https:\/\/katzundratz.de\/wp-content\/plugins\/wpforms-lite\/assets\/images\/submit-spin.svg\" class=\"wpforms-submit-spinner\" style=\"display: none;\" width=\"26\" height=\"26\" alt=\"Wird geladen\"><\/div><\/form><\/div>  <!-- .wpforms-container -->\n\n\n\n<h4 class=\"wp-block-heading is-style-asterisk\">Allgemeine Gesch\u00e4ftsbedingungen<\/h4>\n\n\n\n<p>Ich biete tierpsychologische Beratungs- und Trainingsleistungen zu Katzen, Nagetieren und Kaninchen an. Die Leistungen stellen kein tiermedizinisches Angebot dar und ersetzen nicht die Untersuchung oder Behandlung durch einen Tierarzt. <\/p>\n\n\n\n<div class=\"wp-block-buttons is-layout-flex wp-block-buttons-is-layout-flex\">\n<div class=\"wp-block-button\"><a class=\"wp-block-button__link wp-element-button\" href=\"https:\/\/katzundratz.de\/index.php\/allgemeine-geschaeftsbedingungen\/\">AGB<\/a><\/div>\n<\/div>\n\n\n\n<p><\/p>\n","protected":false},"excerpt":{"rendered":"<p>Beratungsangebot und Kontakt Haltungsberatung Katze Beratungsthemen im Rahmen der Haltungsberatung k\u00f6nnen zum Beispiel sein: Die Haltungsberatung ist auf Ihre individuelle Situation abgestimmt. Es werden daher unter anderem Angaben zu Ihren W\u00fcnschen und Vorstellungen sowie zu zeitlichen und r\u00e4umlichen M\u00f6glichkeiten abgefragt. Haltungsberatung KatzeStundensatz 80,- EUR (zzgl. Fahrtkosten) Verhaltensberatung Katze Ursachensuche und Beratung bei Verhaltensauff\u00e4lligkeiten von Katzen [&hellip;]<\/p>\n","protected":false},"author":1,"featured_media":51,"parent":0,"menu_order":2,"comment_status":"closed","ping_status":"closed","template":"","meta":{"footnotes":""},"class_list":["post-47","page","type-page","status-publish","has-post-thumbnail","hentry"],"_links":{"self":[{"href":"https:\/\/katzundratz.de\/index.php\/wp-json\/wp\/v2\/pages\/47","targetHints":{"allow":["GET"]}}],"collection":[{"href":"https:\/\/katzundratz.de\/index.php\/wp-json\/wp\/v2\/pages"}],"about":[{"href":"https:\/\/katzundratz.de\/index.php\/wp-json\/wp\/v2\/types\/page"}],"author":[{"embeddable":true,"href":"https:\/\/katzundratz.de\/index.php\/wp-json\/wp\/v2\/users\/1"}],"replies":[{"embeddable":true,"href":"https:\/\/katzundratz.de\/index.php\/wp-json\/wp\/v2\/comments?post=47"}],"version-history":[{"count":60,"href":"https:\/\/katzundratz.de\/index.php\/wp-json\/wp\/v2\/pages\/47\/revisions"}],"predecessor-version":[{"id":699,"href":"https:\/\/katzundratz.de\/index.php\/wp-json\/wp\/v2\/pages\/47\/revisions\/699"}],"wp:featuredmedia":[{"embeddable":true,"href":"https:\/\/katzundratz.de\/index.php\/wp-json\/wp\/v2\/media\/51"}],"wp:attachment":[{"href":"https:\/\/katzundratz.de\/index.php\/wp-json\/wp\/v2\/media?parent=47"}],"curies":[{"name":"wp","href":"https:\/\/api.w.org\/{rel}","templated":true}]}}