{"id":45,"date":"2025-09-09T17:01:10","date_gmt":"2025-09-09T17:01:10","guid":{"rendered":"https:\/\/katzundratz.de\/?page_id=45"},"modified":"2025-11-15T20:29:43","modified_gmt":"2025-11-15T20:29:43","slug":"nager-und-kaninchen","status":"publish","type":"page","link":"https:\/\/katzundratz.de\/index.php\/nager-und-kaninchen\/","title":{"rendered":"Nagetiere und Kaninchen"},"content":{"rendered":"\n<h2 class=\"wp-block-heading\">Was sind Kleins\u00e4uger? &#8211; Meerschweinchen &amp; Co.<\/h2>\n\n\n\n<p>Neben Nagetieren und Hasen z\u00e4hlen auch viele Insektenfresser und Flederm\u00e4use zu den Kleins\u00e4ugern. Als Heimtiere werden aber eigentlich nur Kaninchen oder ein paar wenige Nagetierarten gehalten.<\/p>\n\n\n\n<ul class=\"wp-block-list\">\n<li><a href=\"#kaninchen\">Kaninchen<\/a><\/li>\n\n\n\n<li><a href=\"#meerschweinchen\">Meerschweinchen<\/a><\/li>\n\n\n\n<li><a href=\"#hamster\">Hamster<\/a><\/li>\n\n\n\n<li><a href=\"#ratten\">Ratten<\/a><\/li>\n\n\n\n<li><a href=\"#degus\">Degus<\/a><\/li>\n\n\n\n<li><a href=\"#chinchillas\">Chinchillas<\/a><\/li>\n<\/ul>\n\n\n\n<p>Kleins\u00e4uger geh\u00f6ren zu den beliebtesten Haustieren. Besonders f\u00fcr Familien mit Kindern gelten sie als \u201epflegeleichte\u201c Einsteigertiere, die sich gut streicheln lassen.<\/p>\n\n\n\n<p>Doch haben Sie sich schon mal gefragt, ob Ihr Haustier \u00fcberhaupt hochgehoben und gestreichelt werden m\u00f6chte? H\u00e4lt das Meerschweinchen still, weil es das Kuscheln genie\u00dft? Oder ist es im wahrsten Sinne des Wortes vor Angst erstarrt? Und ist es wirklich so einfach, Kaninchen und Nager zu halten?<\/p>\n\n\n\n<p>Zu kleine, unpassend eingerichtete Gehege, falsche F\u00fctterung, Einzelhaltung bei sozialen Arten oder eine fehlende R\u00fcckzugsm\u00f6glichkeit sind leider nicht selten. H\u00e4ufig liegt dies nicht an b\u00f6ser Absicht, sondern an Unwissenheit \u00fcber die tats\u00e4chlichen Bed\u00fcrfnisse dieser Tiere. Weil sich Meerschweinchen &amp; Co. nicht wehren k\u00f6nnen und meist keine Probleme im Alltag bereiten, wird ihr Leiden oftmals nicht bemerkt. Viele Tiere werden aber durch die ungen\u00fcgenden Haltungsbedingungen krank, zeigen Verhaltensauff\u00e4lligkeiten oder versterben vorzeitig. <\/p>\n\n\n\n<p>Ich berate Sie gerne, wenn Sie<\/p>\n\n\n\n<ul class=\"wp-block-list\">\n<li>wissen m\u00f6chten, was zur tiergerechten Haltung von Kleins\u00e4ugern geh\u00f6rt, <\/li>\n\n\n\n<li>Ideen brauchen, um Ihren Tieren ein gro\u00dfz\u00fcgiges, abwechslungsreiches Gehege einzurichten,<\/li>\n\n\n\n<li>den Futterplan optimieren m\u00f6chten oder <\/li>\n\n\n\n<li>noch \u00fcberlegen, welches Haustier zu Ihnen und Ihrer Familie passt.<\/li>\n<\/ul>\n\n\n\n<div class=\"wp-block-buttons is-content-justification-center is-layout-flex wp-container-core-buttons-is-layout-a89b3969 wp-block-buttons-is-layout-flex\">\n<div class=\"wp-block-button\"><a class=\"wp-block-button__link wp-element-button\" href=\"https:\/\/katzundratz.de\/index.php\/beratungsangebot\/\">Beratung und Kontakt<\/a><\/div>\n<\/div>\n\n\n\n<p class=\"has-custom-color-3-color has-text-color has-link-color wp-elements-517a8e4c1b667dded80053f69774ad26\">Ab M\u00e4rz 2026!<\/p>\n\n\n\n<h4 class=\"wp-block-heading is-style-asterisk\" id=\"kaninchen\">Kaninchen<\/h4>\n\n\n\n<figure class=\"wp-block-image size-large is-style-rounded is-style-rounded--1\"><img loading=\"lazy\" decoding=\"async\" width=\"1024\" height=\"680\" src=\"https:\/\/katzundratz.de\/wp-content\/uploads\/2025\/09\/DSC_0007-1024x680.jpg\" alt=\"\" class=\"wp-image-66\" srcset=\"https:\/\/katzundratz.de\/wp-content\/uploads\/2025\/09\/DSC_0007-1024x680.jpg 1024w, https:\/\/katzundratz.de\/wp-content\/uploads\/2025\/09\/DSC_0007-300x199.jpg 300w, https:\/\/katzundratz.de\/wp-content\/uploads\/2025\/09\/DSC_0007-768x510.jpg 768w, https:\/\/katzundratz.de\/wp-content\/uploads\/2025\/09\/DSC_0007-1536x1020.jpg 1536w, https:\/\/katzundratz.de\/wp-content\/uploads\/2025\/09\/DSC_0007-2048x1360.jpg 2048w\" sizes=\"auto, (max-width: 1024px) 100vw, 1024px\" \/><\/figure>\n\n\n\n<p>Wildkaninchen sind die Vorfahren unserer Hauskaninchen. Sie haben vor ca. 12.000 Jahren \u00fcberwiegend in S\u00fcdeuropa, Marokko und Algerien in Steppengebieten gelebt. Von dort aus haben sich die Wildkaninchen fast weltweit ausgebreitet. Wildkaninchen leben in gro\u00dfen Sozialverb\u00e4nden mit Hierarchien und ausgepr\u00e4gtem Revierverhalten. <\/p>\n\n\n\n<p>Seit der Antike wurden Kaninchen domestiziert. Im 16. Jahrhundert begann die gezielte Z\u00fcchtung zun\u00e4chst f\u00fcr Pelz- und Fleischproduktion, sp\u00e4ter auch f\u00fcr die Heimtierhaltung. Inzwischen gibt es durch verschiedene Zuchtformen eine Vielzahl an Varianten von Hauskaninchen.<\/p>\n\n\n\n<p>Wie ihre Vorfahren brauchen auch die domestizierten Hauskaninchen die Gesellschaft von Artgenossen. Kaninchen putzen sich gegenseitig und kuscheln gerne miteinander. Eine Einzelhaltung von Kaninchen ist nicht artgerecht. Daher sollten mindestens zwei Kaninchen zusammengehalten werden.<\/p>\n\n\n\n<p>Doch welche Tiere passen dabei zusammen? Wann ist ein guter Zeitpunkt f\u00fcr die Vergesellschaftung? Und wie geht man vor, wenn man Kaninchen zusammenf\u00fchren will? <\/p>\n\n\n\n<p>Das Gehege sollte R\u00fcckzugsm\u00f6glichkeiten bieten und so beschaffen sein, dass die Kaninchen ausreichend Platz zum Hoppeln, Springen und Haken schlagen haben. Kaninchen sind neugierig und lernf\u00e4hig. Sie brauchen daher geeignete Besch\u00e4ftigungsm\u00f6glichkeiten.<\/p>\n\n\n\n<p>F\u00fcr eine artgerechte Haltung von Kaninchen ist es wichtig, besondere Merkmale der jeweiligen Kaninchenrasse zu ber\u00fccksichtigen. <\/p>\n\n\n\n<p>Bereits bevor Sie sich Kaninchen zulegen, kann ich Sie bei \u00dcberlegungen zu Standort, Gr\u00f6\u00dfe und Ausstattung des Geheges, sozialen Bed\u00fcrfnissen der Kaninchen, Besch\u00e4ftigungsm\u00f6glichkeiten, artgerechte F\u00fctterung, Pflege und Gesundheitsvorsorge beraten. <\/p>\n\n\n\n<p>Sie haben bereits Kaninchen, m\u00f6chten aber zum Wohl der Tiere Verbesserungen in der Haltung vornehmen? &#8211; Auch dabei berate ich Sie gerne!<\/p>\n\n\n\n<h4 class=\"wp-block-heading is-style-asterisk\" id=\"meerschweinchen\">Meerschweinchen<\/h4>\n\n\n\n<figure class=\"wp-block-image size-large is-style-rounded is-style-rounded--2\"><img loading=\"lazy\" decoding=\"async\" width=\"1024\" height=\"683\" src=\"https:\/\/katzundratz.de\/wp-content\/uploads\/2025\/09\/guinea-pig-4358827_1280-1024x683.jpg\" alt=\"\" class=\"wp-image-149\" srcset=\"https:\/\/katzundratz.de\/wp-content\/uploads\/2025\/09\/guinea-pig-4358827_1280-1024x683.jpg 1024w, https:\/\/katzundratz.de\/wp-content\/uploads\/2025\/09\/guinea-pig-4358827_1280-300x200.jpg 300w, https:\/\/katzundratz.de\/wp-content\/uploads\/2025\/09\/guinea-pig-4358827_1280-768x512.jpg 768w, https:\/\/katzundratz.de\/wp-content\/uploads\/2025\/09\/guinea-pig-4358827_1280.jpg 1280w\" sizes=\"auto, (max-width: 1024px) 100vw, 1024px\" \/><figcaption class=\"wp-element-caption\"><em>Andr\u00e9 Beer auf Pixabay<\/em><\/figcaption><\/figure>\n\n\n\n<p>Meerschweinchen geh\u00f6ren zur zoologischen Ordnung der Nagetiere. Sie sind mit dem Stachelschwein verwandt. Unsere heutigen Hausmeerschweinchen stammen von Meerschweinchen ab, die ihre Urspr\u00fcnge in S\u00fcdamerika haben. Dort wurden die Meerschweinchen zun\u00e4chst als Nutztier domestiziert und wegen ihres Fleisches gehalten.<\/p>\n\n\n\n<p>Es gibt bei unseren Hausmeerschweinchen inzwischen viele beliebte Kurzhaar- und Langhaarrassen sowie zahlreiche Farbrassen. K\u00f6nnen Sie sich entscheiden, welches Meerschweinchen Ihnen am besten gef\u00e4llt?<\/p>\n\n\n\n<p>Meerschweinchen leben in komplexen sozialen Strukturen und brauchen weitl\u00e4ufige Reviere. Sie sollten in Gruppen von mindestens drei Tieren gehalten werden. Auch hier stellt sich die Frage, welche Tiere f\u00fcr eine Gruppe zusammenpassen.<\/p>\n\n\n\n<p>Anders als Kaninchen halten Meerschweinchen nicht viel von gegenseitiger Fellpflege. K\u00f6nnen Sie sich vorstellen, dass Meerschweinchen darum auch nicht gerne gestreichelt werden?<\/p>\n\n\n\n<p>F\u00fcr die artgerechte F\u00fctterung ist zu ber\u00fccksichtigen, dass Meerschweinchen kein Vitamin C im K\u00f6rper bilden k\u00f6nnen. Daher muss ausreichend Vitamin C \u00fcber die Nahrung aufgenommen werden. Aber wieviel Obst sollte ein Meerschweinchen fressen? Ich kann Ihnen dabei helfen, einen Futterplan aufzustellen.<\/p>\n\n\n\n<p>Ich berate Sie gerne zu Standort, Gr\u00f6\u00dfe und Ausstattung des Geheges, sozialen Bed\u00fcrfnissen von Meerschweinchen, Besch\u00e4ftigungsm\u00f6glichkeiten, artgerechter F\u00fctterung, Pflege und Gesundheitsvorsorge.<\/p>\n\n\n\n<p><a id=\"_msocom_1\"><\/a><\/p>\n\n\n\n<h4 class=\"wp-block-heading is-style-asterisk\" id=\"hamster\">Hamster<\/h4>\n\n\n\n<figure class=\"wp-block-image size-large is-style-rounded is-style-rounded--3\"><img loading=\"lazy\" decoding=\"async\" width=\"1024\" height=\"683\" src=\"https:\/\/katzundratz.de\/wp-content\/uploads\/2025\/11\/iStock-2228637319-1024x683.jpg\" alt=\"Adorable golden hamster surrounded by natural textures and greenery.\" class=\"wp-image-548\" srcset=\"https:\/\/katzundratz.de\/wp-content\/uploads\/2025\/11\/iStock-2228637319-1024x683.jpg 1024w, https:\/\/katzundratz.de\/wp-content\/uploads\/2025\/11\/iStock-2228637319-300x200.jpg 300w, https:\/\/katzundratz.de\/wp-content\/uploads\/2025\/11\/iStock-2228637319-768x512.jpg 768w, https:\/\/katzundratz.de\/wp-content\/uploads\/2025\/11\/iStock-2228637319-1536x1025.jpg 1536w\" sizes=\"auto, (max-width: 1024px) 100vw, 1024px\" \/><figcaption class=\"wp-element-caption\"><em>Arf &amp; Wag Studio auf Pixabay<\/em><\/figcaption><\/figure>\n\n\n\n<p>Hamster geh\u00f6ren ebenfalls zur zoologischen Ordnung der Nagetiere. Sie sind aber mit den M\u00e4usen verwandt. <\/p>\n\n\n\n<p>Hamster sind nachtaktive Einzelg\u00e4nger, die in freier Wildbahn kilometerweite Tunnel graben. Goldhamster k\u00f6nnen daher nicht in Gruppen gehalten werden. Um ihrem nat\u00fcrlichen Verhalten und dem Bewegungsbed\u00fcrfnis gerecht zu werden, muss ein entsprechend gro\u00dfes Gehege und Bewegungsm\u00f6glichkeit f\u00fcr den Hamster zur Verf\u00fcgung gestellt werden.<\/p>\n\n\n\n<p>Gerne berate ich Sie zur Haltung und den Bed\u00fcrfnissen von Hamstern.<\/p>\n\n\n\n<h4 class=\"wp-block-heading is-style-asterisk\" id=\"ratten\">Ratten<\/h4>\n\n\n\n<figure class=\"wp-block-image size-large is-style-rounded is-style-rounded--4\"><img loading=\"lazy\" decoding=\"async\" width=\"1024\" height=\"682\" src=\"https:\/\/katzundratz.de\/wp-content\/uploads\/2025\/09\/rats-1759485_1280-1024x682.jpg\" alt=\"\" class=\"wp-image-144\" srcset=\"https:\/\/katzundratz.de\/wp-content\/uploads\/2025\/09\/rats-1759485_1280-1024x682.jpg 1024w, https:\/\/katzundratz.de\/wp-content\/uploads\/2025\/09\/rats-1759485_1280-300x200.jpg 300w, https:\/\/katzundratz.de\/wp-content\/uploads\/2025\/09\/rats-1759485_1280-768x512.jpg 768w, https:\/\/katzundratz.de\/wp-content\/uploads\/2025\/09\/rats-1759485_1280.jpg 1280w\" sizes=\"auto, (max-width: 1024px) 100vw, 1024px\" \/><figcaption class=\"wp-element-caption\"><em>Kira auf Pixabay<\/em><\/figcaption><\/figure>\n\n\n\n<p>Dass Ratten Nagetiere sind, wissen Sie sicherlich. Als Haustiere werden vor allem Farbratten gehalten. Ihre Vorfahren, die Wanderratten, kommen urspr\u00fcnglich aus Asien.<\/p>\n\n\n\n<p>Ratten sind Rudeltiere und sollten in Gruppen von mindestens drei Tieren gehalten werden. Farbratten sind sehr lernf\u00e4hig und k\u00f6nnen schnell zutraulich werden. Viele sind sogar verschmust. Sie brauchen ein gro\u00dfes Gehege mit M\u00f6glichkeiten zum Klettern, Platz zum Spielen und Anlegen von Nestern. <\/p>\n\n\n\n<p>Ich berate Sie gerne zu Haltung, Freilauf, Pflege, Vergesellschaftung, F\u00fctterung und Besch\u00e4ftigungsm\u00f6glichkeiten.<\/p>\n\n\n\n<h4 class=\"wp-block-heading is-style-asterisk\" id=\"degus\">Degus<\/h4>\n\n\n\n<figure class=\"wp-block-image size-large is-style-rounded is-style-rounded--5\"><img loading=\"lazy\" decoding=\"async\" width=\"1024\" height=\"609\" src=\"https:\/\/katzundratz.de\/wp-content\/uploads\/2025\/09\/degu-1758641_1280-1024x609.jpg\" alt=\"\" class=\"wp-image-146\" srcset=\"https:\/\/katzundratz.de\/wp-content\/uploads\/2025\/09\/degu-1758641_1280-1024x609.jpg 1024w, https:\/\/katzundratz.de\/wp-content\/uploads\/2025\/09\/degu-1758641_1280-300x178.jpg 300w, https:\/\/katzundratz.de\/wp-content\/uploads\/2025\/09\/degu-1758641_1280-768x457.jpg 768w, https:\/\/katzundratz.de\/wp-content\/uploads\/2025\/09\/degu-1758641_1280.jpg 1280w\" sizes=\"auto, (max-width: 1024px) 100vw, 1024px\" \/><figcaption class=\"wp-element-caption\"><em>dianakuehn30010 auf Pixabay<\/em><\/figcaption><\/figure>\n\n\n\n<p>Degus geh\u00f6ren zur zoologischen Ordnung der Nagetiere. Sie sind wie Meerschweinchen und Chinchillas mit dem Stachelschwein verwandt und kommen urspr\u00fcnglich aus S\u00fcdamerika. Degus leben in Familienverb\u00e4nden mit klarer Rangordnung. Sie sind revierbezogen und haben ein ausgepr\u00e4gtes Sozialverhalten.<\/p>\n\n\n\n<p>Auch wenn Degus als Heimtier gehalten werden, sind sie bis heute nicht domestiziert. Degus sind scheue Wildtiere und z\u00e4hlen daher zu den Heimtier-Exoten. Eine artgerechte Haltung ist daher sehr anspruchsvoll.<\/p>\n\n\n\n<h4 class=\"wp-block-heading is-style-asterisk\" id=\"chinchillas\">Chinchillas<\/h4>\n\n\n\n<figure class=\"wp-block-image size-large is-style-rounded is-style-rounded--6\"><img loading=\"lazy\" decoding=\"async\" width=\"1024\" height=\"682\" src=\"https:\/\/katzundratz.de\/wp-content\/uploads\/2025\/09\/chinchilla-4830468_1280-1024x682.jpg\" alt=\"\" class=\"wp-image-147\" srcset=\"https:\/\/katzundratz.de\/wp-content\/uploads\/2025\/09\/chinchilla-4830468_1280-1024x682.jpg 1024w, https:\/\/katzundratz.de\/wp-content\/uploads\/2025\/09\/chinchilla-4830468_1280-300x200.jpg 300w, https:\/\/katzundratz.de\/wp-content\/uploads\/2025\/09\/chinchilla-4830468_1280-768x512.jpg 768w, https:\/\/katzundratz.de\/wp-content\/uploads\/2025\/09\/chinchilla-4830468_1280.jpg 1280w\" sizes=\"auto, (max-width: 1024px) 100vw, 1024px\" \/><figcaption class=\"wp-element-caption\"><em>Martina auf Pixabay<\/em><\/figcaption><\/figure>\n\n\n\n<p>Chinchillas sind mit den Meerschweinchen verwandt. Auch sie kommen urspr\u00fcnglich aus S\u00fcdamerika. Obwohl Chinchillas schon eine ganze Weile von Menschen gehalten werden, sind sie keine domestizierten Haustiere. Die als Heimtier gez\u00fcchteten Chinchillas unterscheiden sich von den wilden Chinchillas zwar in Fellfarbe und Zeichnung. Sie sind aber in ihren Bed\u00fcrfnissen und im Verhalten immer noch Wildtiere. Eine artgerechte Haltung ist sehr anspruchsvoll. Chinchillas geh\u00f6ren daher zu den exotischen Heimtieren.<\/p>\n\n\n\n<h5 class=\"wp-block-heading is-style-asterisk\"><\/h5>\n\n\n\n<blockquote class=\"wp-block-quote is-layout-flow wp-block-quote-is-layout-flow\">\n<p class=\"has-medium-font-size\">Unsere Haustiere sind darauf angewiesen, dass wir ihre Bed\u00fcrfnisse erkennen und ihnen gerecht werden. In unserer Verantwortung liegt es, f\u00fcr eine artgerechte Haltung, das richtige Futter, medizinische Versorgung, k\u00f6rperliche und geistige Auslastung oder R\u00fcckzugsm\u00f6glichkeiten zu sorgen.<\/p>\n<\/blockquote>\n\n\n\n<p><\/p>\n","protected":false},"excerpt":{"rendered":"<p>Was sind Kleins\u00e4uger? &#8211; Meerschweinchen &amp; Co. Neben Nagetieren und Hasen z\u00e4hlen auch viele Insektenfresser und Flederm\u00e4use zu den Kleins\u00e4ugern. Als Heimtiere werden aber eigentlich nur Kaninchen oder ein paar wenige Nagetierarten gehalten. Kleins\u00e4uger geh\u00f6ren zu den beliebtesten Haustieren. Besonders f\u00fcr Familien mit Kindern gelten sie als \u201epflegeleichte\u201c Einsteigertiere, die sich gut streicheln lassen. Doch [&hellip;]<\/p>\n","protected":false},"author":1,"featured_media":62,"parent":0,"menu_order":2,"comment_status":"closed","ping_status":"closed","template":"","meta":{"footnotes":""},"class_list":["post-45","page","type-page","status-publish","has-post-thumbnail","hentry"],"_links":{"self":[{"href":"https:\/\/katzundratz.de\/index.php\/wp-json\/wp\/v2\/pages\/45","targetHints":{"allow":["GET"]}}],"collection":[{"href":"https:\/\/katzundratz.de\/index.php\/wp-json\/wp\/v2\/pages"}],"about":[{"href":"https:\/\/katzundratz.de\/index.php\/wp-json\/wp\/v2\/types\/page"}],"author":[{"embeddable":true,"href":"https:\/\/katzundratz.de\/index.php\/wp-json\/wp\/v2\/users\/1"}],"replies":[{"embeddable":true,"href":"https:\/\/katzundratz.de\/index.php\/wp-json\/wp\/v2\/comments?post=45"}],"version-history":[{"count":55,"href":"https:\/\/katzundratz.de\/index.php\/wp-json\/wp\/v2\/pages\/45\/revisions"}],"predecessor-version":[{"id":633,"href":"https:\/\/katzundratz.de\/index.php\/wp-json\/wp\/v2\/pages\/45\/revisions\/633"}],"wp:featuredmedia":[{"embeddable":true,"href":"https:\/\/katzundratz.de\/index.php\/wp-json\/wp\/v2\/media\/62"}],"wp:attachment":[{"href":"https:\/\/katzundratz.de\/index.php\/wp-json\/wp\/v2\/media?parent=45"}],"curies":[{"name":"wp","href":"https:\/\/api.w.org\/{rel}","templated":true}]}}