{"id":38,"date":"2025-09-09T17:10:10","date_gmt":"2025-09-09T17:10:10","guid":{"rendered":"https:\/\/katzundratz.de\/?page_id=38"},"modified":"2025-11-15T20:37:43","modified_gmt":"2025-11-15T20:37:43","slug":"katzen","status":"publish","type":"page","link":"https:\/\/katzundratz.de\/index.php\/katzen\/","title":{"rendered":"Katzen"},"content":{"rendered":"\n<h2 class=\"wp-block-heading\"><strong>Wilde J\u00e4ger und Schmusetiger<\/strong><\/h2>\n\n\n\n<figure class=\"wp-block-image aligncenter size-full is-resized is-style-rounded is-style-rounded--1\"><img loading=\"lazy\" decoding=\"async\" width=\"1950\" height=\"1952\" src=\"https:\/\/katzundratz.de\/wp-content\/uploads\/2025\/09\/PXL_20250618_1504058623.jpg\" alt=\"\" class=\"wp-image-71\" style=\"width:334px;height:auto\" srcset=\"https:\/\/katzundratz.de\/wp-content\/uploads\/2025\/09\/PXL_20250618_1504058623.jpg 1950w, https:\/\/katzundratz.de\/wp-content\/uploads\/2025\/09\/PXL_20250618_1504058623-300x300.jpg 300w, https:\/\/katzundratz.de\/wp-content\/uploads\/2025\/09\/PXL_20250618_1504058623-1024x1024.jpg 1024w, https:\/\/katzundratz.de\/wp-content\/uploads\/2025\/09\/PXL_20250618_1504058623-150x150.jpg 150w, https:\/\/katzundratz.de\/wp-content\/uploads\/2025\/09\/PXL_20250618_1504058623-768x769.jpg 768w, https:\/\/katzundratz.de\/wp-content\/uploads\/2025\/09\/PXL_20250618_1504058623-1534x1536.jpg 1534w\" sizes=\"auto, (max-width: 1950px) 100vw, 1950px\" \/><\/figure>\n\n\n\n<p>Seit Jahrhunderten leben Katzen als Haustier mit dem Menschen und doch haben sie sich die Anmut und Wildheit ihrer Vorfahren bewahrt. Katzen sind faszinierende Tiere. Sie sind verschmuste Gef\u00e4hrten und zugleich eigenst\u00e4ndige J\u00e4ger. Die Art, wie sich Katzen in der Sonne r\u00e4keln, sich geschmeidig, fast lautlos bewegen, und ihr geheimnisvoller Blick verleiht ihnen eine mystische, meditative Aura.<\/p>\n\n\n\n<p>Was Katzen so besonders macht, ist ihre F\u00e4higkeit, N\u00e4he zu schenken, ohne dabei ihre Freiheit aufzugeben. Katzen k\u00f6nnen uns ihre Zuneigung zeigen, suchen unsere N\u00e4he und spenden manchmal Trost. Aber sie zeigen uns auch, wenn sie ihre Ruhe haben wollen oder etwas nicht zu ihrer Zufriedenheit ist. &#8211; Nicht immer verstehen wir sofort, wie die Katze mit uns kommuniziert.<\/p>\n\n\n\n<h4 class=\"wp-block-heading\"><strong>Sa\u00df Ihre Katze auch schon mal im Obstkorb?<\/strong><\/h4>\n\n\n\n<p>Unsere Hauskatzen haben sich bis heute viel vom Aussehen und Verhalten ihrer Vorfahren, den Falbkatzen, bewahrt. Katzen sind kleine Raubtiere. Ihr K\u00f6rperbau und die Sinnesleistungen sind auf Jagd und Beutefang ausgelegt. Andererseits m\u00fcssen sie in der Natur dennoch auch aufpassen, dass sie nicht selbst zur Beute werden.  &#8211; Was hat das nun mit dem Obstkorb zu tun?<\/p>\n\n\n\n<p>Viele Verhaltensweisen oder Reaktionen unserer Katzen lassen sich mit einem Blick auf ihre Abstammung und den urspr\u00fcnglichen Lebensraum erkl\u00e4ren. Das gilt sowohl f\u00fcr Wohnungskatzen, als auch f\u00fcr Katzen mit Freigang. <\/p>\n\n\n\n<p>Auch in unseren Wohnungen wollen Katzen beobachten, sich verstecken und jagen. Zur Beute werden dann auch mal Fliegen oder Bonbon-Papierchen. Das B\u00fccherregal wird als Beobachtungsposten genutzt. Katzen lieben kleine H\u00f6hlen als Unterschlupf- und Versteckm\u00f6glichkeit. Unsere Katzen testen dabei viele M\u00f6glichkeiten aus. Und manchmal entspricht auch der Obstkorb ihrem Gef\u00fchl von Sicherheit oder einem guten Beobachtungsposten. Meistens kann man dar\u00fcber schmunzeln. Vielleicht \u00fcberlegt man sogar, ob man das gleich unterbinden soll, oder vorher lieber doch noch ein s\u00fc\u00dfes Foto macht&#8230;<\/p>\n\n\n\n<p>Andere unerw\u00fcnschte Verhaltensweisen von Katzen, k\u00f6nnen beim Zusammenleben in Haus oder Wohnung f\u00fcr Katzenhalter aber richtig belastend werden.<\/p>\n\n\n\n<h4 class=\"wp-block-heading\"><strong>Warum pinkeln manche Katzen auf den Fu\u00dfboden oder auf M\u00f6bel?<\/strong><\/h4>\n\n\n\n<p>Katzen kommunizieren auch \u00fcber Kratz- und Harnmarkieren. Beides ist in der Natur nicht weiter schlimm, im Haus oder in der Wohnung vom Katzenhalter aber nicht unbedingt erw\u00fcnscht. Wenn regelm\u00e4\u00dfig im Wohnbereich markiert wird, kann das zu einer gro\u00dfen Belastung f\u00fcr die Katzenhalter werden.<\/p>\n\n\n\n<p>Es z\u00e4hlt \u00fcbrigens nicht jedes Pinkeln au\u00dferhalb des Katzenklos zum Markierverhalten. Wenn die Katze ihr &#8222;Gesch\u00e4ft&#8220; auf dem Teppich, Sofa oder Badezimmerfliesen verrichtet, m\u00fcssen wir uns also den Kontext genauer ansehen.<\/p>\n\n\n\n<h4 class=\"wp-block-heading\"><strong>Sind Katzen unberechenbare Einzelg\u00e4nger?<\/strong><\/h4>\n\n\n\n<p>Oft wird Katzen nachgesagt, sie seien unberechenbar, unnahbar oder gar aggressiv. Doch sie sind sensible Gesch\u00f6pfe mit unterschiedlichsten Charakteren. <\/p>\n\n\n\n<figure class=\"wp-block-image size-large is-style-rounded is-style-rounded--2\"><img loading=\"lazy\" decoding=\"async\" width=\"1024\" height=\"576\" src=\"https:\/\/katzundratz.de\/wp-content\/uploads\/2025\/11\/IMG_2256-1024x576.jpg\" alt=\"\" class=\"wp-image-606\" srcset=\"https:\/\/katzundratz.de\/wp-content\/uploads\/2025\/11\/IMG_2256-1024x576.jpg 1024w, https:\/\/katzundratz.de\/wp-content\/uploads\/2025\/11\/IMG_2256-300x169.jpg 300w, https:\/\/katzundratz.de\/wp-content\/uploads\/2025\/11\/IMG_2256-768x432.jpg 768w, https:\/\/katzundratz.de\/wp-content\/uploads\/2025\/11\/IMG_2256-1536x864.jpg 1536w, https:\/\/katzundratz.de\/wp-content\/uploads\/2025\/11\/IMG_2256-2048x1152.jpg 2048w\" sizes=\"auto, (max-width: 1024px) 100vw, 1024px\" \/><\/figure>\n\n\n\n<p>Es gibt Einzelg\u00e4nger, aber auch soziale Katzen. Letztere suchen den Kontakt zu Artgenossen, putzen sich gegenseitig oder kuscheln sogar miteinander. Im Verhalten zum Menschen sind einige Katzen zutraulich, aber trotzdem ein bisschen zur\u00fcckhaltend, andere lassen sich gerne hochheben und herumtragen. Manche Katzen verhalten sich sehr scheu, insbesondere, wenn sie als junge Katzen wenig Kontakt zu Menschen hatten.<\/p>\n\n\n\n<p>Inzwischen wei\u00df man, dass Katzen komplexe soziale Beziehungen haben k\u00f6nnen. Eine Rangordnung wie bei Hunden gibt es bei Katzen dabei nicht. Aber auch mit uns Menschen k\u00f6nnen Katzen enge Bindungen eingehen. Und umgekehrt h\u00e4ngen wir Menschen oft sehr an unseren Miezen. Sie werden Teil unserer Familien.<\/p>\n\n\n\n<h4 class=\"wp-block-heading\"><strong>Miauen, Schnurren, Blinzeln &#8211; Wie spricht eine Katze?<\/strong><\/h4>\n\n\n\n<p>Katzen bringen ihre Stimmung durch Mimik, K\u00f6rpersprache und Laut\u00e4u\u00dferungen zum Ausdruck.<\/p>\n\n\n\n<div class=\"wp-block-columns is-layout-flex wp-container-core-columns-is-layout-28f84493 wp-block-columns-is-layout-flex\">\n<div class=\"wp-block-column is-layout-flow wp-block-column-is-layout-flow\" style=\"flex-basis:100%\">\n<figure class=\"wp-block-gallery has-nested-images columns-default is-cropped wp-block-gallery-6 is-layout-flex wp-block-gallery-is-layout-flex\">\n<figure class=\"wp-block-image size-medium is-style-rounded is-style-rounded--3\"><img loading=\"lazy\" decoding=\"async\" width=\"300\" height=\"226\" data-id=\"76\" src=\"https:\/\/katzundratz.de\/wp-content\/uploads\/2025\/09\/PXL_20241231_2132018062-1-300x226.jpg\" alt=\"\" class=\"wp-image-76\" srcset=\"https:\/\/katzundratz.de\/wp-content\/uploads\/2025\/09\/PXL_20241231_2132018062-1-300x226.jpg 300w, https:\/\/katzundratz.de\/wp-content\/uploads\/2025\/09\/PXL_20241231_2132018062-1-1024x771.jpg 1024w, https:\/\/katzundratz.de\/wp-content\/uploads\/2025\/09\/PXL_20241231_2132018062-1-768x578.jpg 768w, https:\/\/katzundratz.de\/wp-content\/uploads\/2025\/09\/PXL_20241231_2132018062-1-1536x1157.jpg 1536w, https:\/\/katzundratz.de\/wp-content\/uploads\/2025\/09\/PXL_20241231_2132018062-1-2048x1542.jpg 2048w\" sizes=\"auto, (max-width: 300px) 100vw, 300px\" \/><\/figure>\n\n\n\n<figure class=\"wp-block-image size-large is-style-rounded is-style-rounded--4\"><img loading=\"lazy\" decoding=\"async\" width=\"1024\" height=\"819\" data-id=\"621\" src=\"https:\/\/katzundratz.de\/wp-content\/uploads\/2025\/11\/PXL_20250604_0645218752-1024x819.jpg\" alt=\"\" class=\"wp-image-621\" srcset=\"https:\/\/katzundratz.de\/wp-content\/uploads\/2025\/11\/PXL_20250604_0645218752-1024x819.jpg 1024w, https:\/\/katzundratz.de\/wp-content\/uploads\/2025\/11\/PXL_20250604_0645218752-300x240.jpg 300w, https:\/\/katzundratz.de\/wp-content\/uploads\/2025\/11\/PXL_20250604_0645218752-768x614.jpg 768w, https:\/\/katzundratz.de\/wp-content\/uploads\/2025\/11\/PXL_20250604_0645218752-1536x1229.jpg 1536w, https:\/\/katzundratz.de\/wp-content\/uploads\/2025\/11\/PXL_20250604_0645218752-2048x1638.jpg 2048w\" sizes=\"auto, (max-width: 1024px) 100vw, 1024px\" \/><\/figure>\n\n\n\n<figure class=\"wp-block-image size-large is-style-rounded is-style-rounded--5\"><img loading=\"lazy\" decoding=\"async\" width=\"1024\" height=\"768\" data-id=\"40\" src=\"https:\/\/katzundratz.de\/wp-content\/uploads\/2025\/09\/IMG_0906-1024x768.jpg\" alt=\"\" class=\"wp-image-40\" srcset=\"https:\/\/katzundratz.de\/wp-content\/uploads\/2025\/09\/IMG_0906-1024x768.jpg 1024w, https:\/\/katzundratz.de\/wp-content\/uploads\/2025\/09\/IMG_0906-300x225.jpg 300w, https:\/\/katzundratz.de\/wp-content\/uploads\/2025\/09\/IMG_0906-768x576.jpg 768w, https:\/\/katzundratz.de\/wp-content\/uploads\/2025\/09\/IMG_0906-1536x1152.jpg 1536w, https:\/\/katzundratz.de\/wp-content\/uploads\/2025\/09\/IMG_0906-2048x1536.jpg 2048w\" sizes=\"auto, (max-width: 1024px) 100vw, 1024px\" \/><\/figure>\n<\/figure>\n<\/div>\n<\/div>\n\n\n\n<p>Wenn wir unsere Katze verstehen wollen, m\u00fcssen wir ihre Sprache lernen und ihre Bed\u00fcrfnisse verstehen. H\u00f6ren und sehen Sie als Katzenhalter genau hin! Was passiert gerade im Gesicht mit Augen, Ohren, Schnurrhaaren? Wie tr\u00e4gt die Katze ihren Schwanz? Liegt das Fell an oder steht es ab?<\/p>\n\n\n\n<p>Wie oben schon beschrieben geh\u00f6rt auch das Markieren zur Katzensprache. Aber was genau will mir meine Katze sagen, wenn sie in den Blumentopf pinkelt? Und ist die &#8222;duftende&#8220; Botschaft an der Haust\u00fcre wirklich f\u00fcr mich?<\/p>\n\n\n\n<p>Ich helfe Ihnen Ihre Katze zu verstehen und herauszufinden, ob das unerw\u00fcnschte Verhalten ein &#8222;normales&#8220; Katzenverhalten ist oder ob es sich schon um eine Verhaltensst\u00f6rung handeln k\u00f6nnte. Wir suchen gemeinsam nach der Ursache des problematischen Verhaltens und nach Wegen, dieses Verhalten zu \u00e4ndern. <\/p>\n\n\n\n<p><\/p>\n\n\n\n<h4 class=\"wp-block-heading\"><strong>Kann man Katzen trainieren?<\/strong><\/h4>\n\n\n\n<p>Clickertraining kennt man vielleicht mehr im Zusammenhang mit Hunden oder Pferden. Aber auch f\u00fcr Katzen ist Clickertraining gut geeignet. Das Prinzip ist, dass erw\u00fcnschtes Verhalten belohnt wird und der &#8222;Klick&#8220; dabei als Verst\u00e4rker dient. <\/p>\n\n\n\n<figure class=\"wp-block-image aligncenter size-medium is-resized is-style-rounded is-style-rounded--7\"><img loading=\"lazy\" decoding=\"async\" width=\"300\" height=\"300\" src=\"https:\/\/katzundratz.de\/wp-content\/uploads\/2025\/11\/iStock-1152048745-q-2-300x300.jpg\" alt=\"\" class=\"wp-image-623\" style=\"width:222px;height:auto\" srcset=\"https:\/\/katzundratz.de\/wp-content\/uploads\/2025\/11\/iStock-1152048745-q-2-300x300.jpg 300w, https:\/\/katzundratz.de\/wp-content\/uploads\/2025\/11\/iStock-1152048745-q-2-1024x1024.jpg 1024w, https:\/\/katzundratz.de\/wp-content\/uploads\/2025\/11\/iStock-1152048745-q-2-150x150.jpg 150w, https:\/\/katzundratz.de\/wp-content\/uploads\/2025\/11\/iStock-1152048745-q-2-768x768.jpg 768w, https:\/\/katzundratz.de\/wp-content\/uploads\/2025\/11\/iStock-1152048745-q-2.jpg 1515w\" sizes=\"auto, (max-width: 300px) 100vw, 300px\" \/><figcaption class=\"wp-element-caption\"><em>iStock.com\/Nils Jacobi<\/em><\/figcaption><\/figure>\n\n\n\n<p>Clickertraining kann eingesetzt werden, um die Bindung zwischen Mensch und Katze zu st\u00e4rken, um der Katze Tricks (wie z. B. das High Five auf dem Foto) beizubringen, aber auch, um unerw\u00fcnschtes Verhalten zu korrigieren. <\/p>\n\n\n\n<h4 class=\"wp-block-heading is-style-asterisk\"><strong>Wie l\u00e4uft die Verhaltensberatung ab?<\/strong><\/h4>\n\n\n\n<p>Grundlage f\u00fcr eine Verhaltensberatung ist eine ausf\u00fchrliche Anamnese, die per Fragebogen und einem ersten Gespr\u00e4ch bei Ihnen zu Hause erfolgt. Dabei m\u00f6chte ich Sie und Ihre Katze kennenlernen und wahrnehmen, was die Katze umgibt. Wenn ein Verdacht auf eine medizinische Ursache besteht, bitte ich Sie, dies zun\u00e4chst tier\u00e4rztlich abzukl\u00e4ren. <\/p>\n\n\n\n<p>Anschlie\u00dfend erhalten Sie einen Ma\u00dfnahmenplan, den wir in einem weiteren Termin gemeinsam besprechen. Dabei schauen wir uns auch an, welche M\u00f6glichkeiten Sie haben, bestimmte Ver\u00e4nderungen vorzunehmen, und welche Ma\u00dfnahmen Sie in Ihrem Alltag umsetzen k\u00f6nnen. Dann sind Sie dran, die Vorschl\u00e4ge umzusetzen. Nach zwei bis vier Wochen machen wir einen kurzen Follow-Up Termin zur Erfolgskontrolle. <\/p>\n\n\n\n<p>Insbesondere bei bereits l\u00e4nger andauernden oder komplexen Problematiken, ist Geduld gefragt. Hier kann es sein, dass sich Fortschritte nur langsam einstellen.<\/p>\n\n\n\n<h4 class=\"wp-block-heading is-style-asterisk\"><strong>Sie wissen noch nicht, ob eine Katze das richtige Haustier f\u00fcr Sie ist?<\/strong><\/h4>\n\n\n\n<p>Ich berate Sie gerne, bevor Sie sich ein Haustier zulegen.<\/p>\n\n\n\n<h4 class=\"wp-block-heading is-style-asterisk\"><strong>Sie wissen bereits, dass Sie eine Katze m\u00f6chten?<\/strong><\/h4>\n\n\n\n<p>Aber Sie haben noch viele Fragen&#8230;<\/p>\n\n\n\n<ul class=\"wp-block-list\">\n<li>Eine Katze oder zwei?<\/li>\n\n\n\n<li>Kitten oder Senior? <\/li>\n\n\n\n<li>Wohnungshaltung oder Freigang? <\/li>\n\n\n\n<li>Kann man eine Katze trainieren?<\/li>\n\n\n\n<li>Eine Katze vom Z\u00fcchter? Aus dem Tierheim? Vom Bauernhof?<\/li>\n\n\n\n<li>Welche Eigenschaften hat die Katzenrasse, die Ihnen so gut gef\u00e4llt?<\/li>\n\n\n\n<li>Und falls Sie sich noch keine Gedanken zum Katzenklo gemacht haben&#8230; Kein Problem. Dazu habe ich einen ganzen Fragenkatalog f\u00fcr Sie.<\/li>\n<\/ul>\n\n\n\n<p>Ich berate Sie gerne bei der Auswahl Ihres tierischen Familienmitglieds sowie bei allem, was Sie zu Katzenhaltung, Vergesellschaftung, katzenfreundlicher Wohnungseinrichtung, Besch\u00e4ftigungsm\u00f6glichkeiten etc. wissen sollten.<\/p>\n\n\n\n<figure class=\"wp-block-image size-large is-style-rounded is-style-rounded--8\"><img loading=\"lazy\" decoding=\"async\" width=\"1024\" height=\"680\" src=\"https:\/\/katzundratz.de\/wp-content\/uploads\/2025\/09\/DSC_0019-1024x680.jpg\" alt=\"\" class=\"wp-image-126\" srcset=\"https:\/\/katzundratz.de\/wp-content\/uploads\/2025\/09\/DSC_0019-1024x680.jpg 1024w, https:\/\/katzundratz.de\/wp-content\/uploads\/2025\/09\/DSC_0019-300x199.jpg 300w, https:\/\/katzundratz.de\/wp-content\/uploads\/2025\/09\/DSC_0019-768x510.jpg 768w, https:\/\/katzundratz.de\/wp-content\/uploads\/2025\/09\/DSC_0019-1536x1020.jpg 1536w, https:\/\/katzundratz.de\/wp-content\/uploads\/2025\/09\/DSC_0019-2048x1360.jpg 2048w\" sizes=\"auto, (max-width: 1024px) 100vw, 1024px\" \/><\/figure>\n\n\n\n<h4 class=\"wp-block-heading is-style-asterisk\"><strong>Sie haben bereits eine Katze und es soll eine weitere Katze bei Ihnen einziehen?<\/strong><\/h4>\n\n\n\n<p>Gerne gebe ich Ihnen Tipps f\u00fcr die Zusammenf\u00fchrung der Katzen.<\/p>\n\n\n\n<h4 class=\"wp-block-heading is-style-asterisk\"><strong>Es stehen gr\u00f6\u00dfere Ver\u00e4nderungen an?<\/strong><\/h4>\n\n\n\n<p>Sie haben eine Katze und es steht ein Umzug an? Sie k\u00f6nnen nicht mehr im Homeoffice arbeiten und Ihre Katze ist pl\u00f6tzlich l\u00e4nger allein? Oder vielleicht erwarten Sie ein Baby?<\/p>\n\n\n\n<p>F\u00fcr Katzen k\u00f6nnen solche Erfahrungen mit Stress verbunden sein. Ich berate Sie gerne, wie Sie Ihre Katze darauf vorbereiten und ihr den Umgang mit der neuen Situation erleichtern k\u00f6nnen.<\/p>\n\n\n\n<figure class=\"wp-block-image aligncenter size-large is-resized is-style-rounded is-style-rounded--9\"><img loading=\"lazy\" decoding=\"async\" width=\"1024\" height=\"681\" src=\"https:\/\/katzundratz.de\/wp-content\/uploads\/2025\/11\/John-9567-1024x681.jpg\" alt=\"\" class=\"wp-image-603\" style=\"width:364px;height:auto\" srcset=\"https:\/\/katzundratz.de\/wp-content\/uploads\/2025\/11\/John-9567-1024x681.jpg 1024w, https:\/\/katzundratz.de\/wp-content\/uploads\/2025\/11\/John-9567-300x200.jpg 300w, https:\/\/katzundratz.de\/wp-content\/uploads\/2025\/11\/John-9567-768x511.jpg 768w, https:\/\/katzundratz.de\/wp-content\/uploads\/2025\/11\/John-9567-1536x1022.jpg 1536w, https:\/\/katzundratz.de\/wp-content\/uploads\/2025\/11\/John-9567-2048x1363.jpg 2048w\" sizes=\"auto, (max-width: 1024px) 100vw, 1024px\" \/><\/figure>\n\n\n\n<div class=\"wp-block-buttons is-content-justification-center is-layout-flex wp-container-core-buttons-is-layout-a89b3969 wp-block-buttons-is-layout-flex\">\n<div class=\"wp-block-button\"><a class=\"wp-block-button__link has-text-align-center wp-element-button\" href=\"https:\/\/katzundratz.de\/index.php\/beratungsangebot\/\">Beratung und Kontakt<\/a><\/div>\n<\/div>\n","protected":false},"excerpt":{"rendered":"<p>Wilde J\u00e4ger und Schmusetiger Seit Jahrhunderten leben Katzen als Haustier mit dem Menschen und doch haben sie sich die Anmut und Wildheit ihrer Vorfahren bewahrt. Katzen sind faszinierende Tiere. Sie sind verschmuste Gef\u00e4hrten und zugleich eigenst\u00e4ndige J\u00e4ger. Die Art, wie sich Katzen in der Sonne r\u00e4keln, sich geschmeidig, fast lautlos bewegen, und ihr geheimnisvoller Blick [&hellip;]<\/p>\n","protected":false},"author":1,"featured_media":51,"parent":0,"menu_order":2,"comment_status":"closed","ping_status":"closed","template":"","meta":{"footnotes":""},"class_list":["post-38","page","type-page","status-publish","has-post-thumbnail","hentry"],"_links":{"self":[{"href":"https:\/\/katzundratz.de\/index.php\/wp-json\/wp\/v2\/pages\/38","targetHints":{"allow":["GET"]}}],"collection":[{"href":"https:\/\/katzundratz.de\/index.php\/wp-json\/wp\/v2\/pages"}],"about":[{"href":"https:\/\/katzundratz.de\/index.php\/wp-json\/wp\/v2\/types\/page"}],"author":[{"embeddable":true,"href":"https:\/\/katzundratz.de\/index.php\/wp-json\/wp\/v2\/users\/1"}],"replies":[{"embeddable":true,"href":"https:\/\/katzundratz.de\/index.php\/wp-json\/wp\/v2\/comments?post=38"}],"version-history":[{"count":61,"href":"https:\/\/katzundratz.de\/index.php\/wp-json\/wp\/v2\/pages\/38\/revisions"}],"predecessor-version":[{"id":638,"href":"https:\/\/katzundratz.de\/index.php\/wp-json\/wp\/v2\/pages\/38\/revisions\/638"}],"wp:featuredmedia":[{"embeddable":true,"href":"https:\/\/katzundratz.de\/index.php\/wp-json\/wp\/v2\/media\/51"}],"wp:attachment":[{"href":"https:\/\/katzundratz.de\/index.php\/wp-json\/wp\/v2\/media?parent=38"}],"curies":[{"name":"wp","href":"https:\/\/api.w.org\/{rel}","templated":true}]}}