{"id":21,"date":"2025-09-09T15:38:08","date_gmt":"2025-09-09T15:38:08","guid":{"rendered":"https:\/\/katzundratz.de\/?page_id=21"},"modified":"2026-02-17T16:34:43","modified_gmt":"2026-02-17T16:34:43","slug":"ueber-mich","status":"publish","type":"page","link":"https:\/\/katzundratz.de\/index.php\/ueber-mich\/","title":{"rendered":"\u00dcber mich, meine Tiere und was mich qualifiziert"},"content":{"rendered":"\n<figure class=\"wp-block-image size-large is-style-rounded is-style-rounded--1\"><img loading=\"lazy\" decoding=\"async\" width=\"1024\" height=\"681\" src=\"https:\/\/katzundratz.de\/wp-content\/uploads\/2025\/11\/John-9583-1024x681.jpg\" alt=\"\" class=\"wp-image-561\" srcset=\"https:\/\/katzundratz.de\/wp-content\/uploads\/2025\/11\/John-9583-1024x681.jpg 1024w, https:\/\/katzundratz.de\/wp-content\/uploads\/2025\/11\/John-9583-300x200.jpg 300w, https:\/\/katzundratz.de\/wp-content\/uploads\/2025\/11\/John-9583-768x511.jpg 768w, https:\/\/katzundratz.de\/wp-content\/uploads\/2025\/11\/John-9583-1536x1022.jpg 1536w, https:\/\/katzundratz.de\/wp-content\/uploads\/2025\/11\/John-9583-2048x1363.jpg 2048w\" sizes=\"auto, (max-width: 1024px) 100vw, 1024px\" \/><\/figure>\n\n\n\n<h4 class=\"wp-block-heading has-text-align-center\"><\/h4>\n\n\n\n<p class=\"has-text-align-left\">Ich bin im N\u00fcrnberger Land geboren und aufgewachsen. Durch das l\u00e4ndlich gepr\u00e4gte Umfeld konnte ich von klein auf verschiedenste Erfahrungen mit Haustieren, Wildtieren und Bauernhoftieren sammeln. Nicht alle Erlebnisse mit Tieren waren sch\u00f6n. Manche waren schmerzhaft, manche traurig, die meisten aber wundervoll und f\u00fcr mich immer faszinierend.<\/p>\n\n\n\n<p>In der Schule war Biologie eines meiner Lieblingsf\u00e4cher. Ich fand dabei besonders die Verhaltensbiologie spannend und h\u00e4tte gerne mehr dar\u00fcber gelernt. Nach dem Abitur schlug ich aber beruflich einen v\u00f6llig anderen Weg ein. Erst sp\u00e4ter habe ich mich wieder st\u00e4rker mit Tierpsychologie, Ethologie und Katzenverhalten befasst.<\/p>\n\n\n\n<p>Nicht ganz unerheblich waren dabei meine eigenen Erfahrungen mit Haustieren. Vor allem zu Katzen sp\u00fcre ich eine tiefe Verbindung. Sie sind irgendwie schon immer ein Teil meines Lebens.<\/p>\n\n\n\n<h4 class=\"wp-block-heading\"><strong>Erste Katze<\/strong><\/h4>\n\n\n\n<p class=\"has-text-align-left\">Kurz vor meiner Einschulung zog die erste Katze in unserer Familie ein. Eine kleine, dreifarbige Bauernhofkatze. Die Gl\u00fcckskatze hat mich durch meine gesamte Schulzeit begleitet und teilweise noch im Studium. Sp\u00e4ter kam eine zweite Katze hinzu. Kurzzeitig hatten wir auch Zwergkaninchen und irgendwann den ersten Familienhund.<\/p>\n\n\n\n<figure class=\"wp-block-image aligncenter size-medium is-style-rounded is-style-rounded--2\"><img loading=\"lazy\" decoding=\"async\" width=\"300\" height=\"300\" src=\"https:\/\/katzundratz.de\/wp-content\/uploads\/2025\/09\/PXL_20250202_1403336855-300x300.jpg\" alt=\"\" class=\"wp-image-28\" srcset=\"https:\/\/katzundratz.de\/wp-content\/uploads\/2025\/09\/PXL_20250202_1403336855-300x300.jpg 300w, https:\/\/katzundratz.de\/wp-content\/uploads\/2025\/09\/PXL_20250202_1403336855-1024x1024.jpg 1024w, https:\/\/katzundratz.de\/wp-content\/uploads\/2025\/09\/PXL_20250202_1403336855-150x150.jpg 150w, https:\/\/katzundratz.de\/wp-content\/uploads\/2025\/09\/PXL_20250202_1403336855-768x769.jpg 768w, https:\/\/katzundratz.de\/wp-content\/uploads\/2025\/09\/PXL_20250202_1403336855-1536x1536.jpg 1536w, https:\/\/katzundratz.de\/wp-content\/uploads\/2025\/09\/PXL_20250202_1403336855-2046x2048.jpg 2046w\" sizes=\"auto, (max-width: 300px) 100vw, 300px\" \/><figcaption class=\"wp-element-caption\"><em>Das bin ich mit meiner ersten Katze.<\/em><\/figcaption><\/figure>\n\n\n\n<p class=\"has-text-align-left\"><\/p>\n\n\n\n<h4 class=\"wp-block-heading\"><strong>Kater Carson<\/strong><\/h4>\n\n\n\n<p class=\"has-text-align-left\">Kater Carson wurde mir 2013 als Notfall in die Wohnung gesetzt wurde. Vom ersten Moment an ist er nicht von meiner Seite gewichen. Neben jeder Menge Milben hatte er starke \u201eTrennungsangst\u201c im Gep\u00e4ck. Der Kater und ich haben gemeinsam einen Umzug per Flugzeug durchgestanden. Er war dabei mein Handgep\u00e4ck und ich hatte ich ihn immer im Blick.<\/p>\n\n\n\n<figure class=\"wp-block-gallery has-nested-images columns-default is-cropped wp-block-gallery-5 is-layout-flex wp-block-gallery-is-layout-flex\">\n<figure class=\"wp-block-image size-large is-style-rounded is-style-rounded--3\"><img loading=\"lazy\" decoding=\"async\" width=\"1024\" height=\"1024\" data-id=\"573\" src=\"https:\/\/katzundratz.de\/wp-content\/uploads\/2025\/11\/IMG_0223-1024x1024.jpg\" alt=\"\" class=\"wp-image-573\" srcset=\"https:\/\/katzundratz.de\/wp-content\/uploads\/2025\/11\/IMG_0223-1024x1024.jpg 1024w, https:\/\/katzundratz.de\/wp-content\/uploads\/2025\/11\/IMG_0223-300x300.jpg 300w, https:\/\/katzundratz.de\/wp-content\/uploads\/2025\/11\/IMG_0223-150x150.jpg 150w, https:\/\/katzundratz.de\/wp-content\/uploads\/2025\/11\/IMG_0223-768x768.jpg 768w, https:\/\/katzundratz.de\/wp-content\/uploads\/2025\/11\/IMG_0223-1536x1536.jpg 1536w, https:\/\/katzundratz.de\/wp-content\/uploads\/2025\/11\/IMG_0223-2048x2048.jpg 2048w\" sizes=\"auto, (max-width: 1024px) 100vw, 1024px\" \/><figcaption class=\"wp-element-caption\"><em>Der junge Carson (ca. 2 Jahre alt)<\/em><\/figcaption><\/figure>\n\n\n\n<figure class=\"wp-block-image size-large is-resized is-style-rounded is-style-rounded--4\"><img loading=\"lazy\" decoding=\"async\" width=\"1024\" height=\"1024\" data-id=\"595\" src=\"https:\/\/katzundratz.de\/wp-content\/uploads\/2025\/11\/PXL_Carson-1024x1024.jpg\" alt=\"\" class=\"wp-image-595\" style=\"width:300px;height:auto\" srcset=\"https:\/\/katzundratz.de\/wp-content\/uploads\/2025\/11\/PXL_Carson-1024x1024.jpg 1024w, https:\/\/katzundratz.de\/wp-content\/uploads\/2025\/11\/PXL_Carson-300x300.jpg 300w, https:\/\/katzundratz.de\/wp-content\/uploads\/2025\/11\/PXL_Carson-150x150.jpg 150w, https:\/\/katzundratz.de\/wp-content\/uploads\/2025\/11\/PXL_Carson-768x768.jpg 768w, https:\/\/katzundratz.de\/wp-content\/uploads\/2025\/11\/PXL_Carson-1536x1536.jpg 1536w, https:\/\/katzundratz.de\/wp-content\/uploads\/2025\/11\/PXL_Carson-2048x2048.jpg 2048w\" sizes=\"auto, (max-width: 1024px) 100vw, 1024px\" \/><figcaption class=\"wp-element-caption\"><em>Carson etwa 14 Jahre alt<\/em><\/figcaption><\/figure>\n<\/figure>\n\n\n\n<p class=\"has-text-align-left\">Nach dem Umzug hat Carson die schwarz-wei\u00dfe Minou an die Seite bekommen. Zu ihr hatte er eine innige Bindung. Carson war generell Menschen und anderen Katzen gegen\u00fcber sehr aufgeschlossen und anh\u00e4nglich. Er war hartn\u00e4ckig, wenn er etwas wollte und war eine gef\u00e4hrliche Mischung aus neugierig, schreckhaft und tollpatschig.<\/p>\n\n\n\n<p class=\"has-text-align-left\">Mit etwa 13 Jahren haben sich Arthrose und Spondylose deutlich bemerkbar gemacht. Als gem\u00fctlicher Katzen-Senior lag Carson gerne mit uns auf dem Sofa oder hat stundenlang die W\u00e4rme von Sonne oder Heizung genossen. Ab und an hat er einen Katerkumpel besucht und manchmal konnte ihn die junge Mascha auch noch zum Spielen animieren. Carson ist mit fast 15 Jahren dann leider schwer erkrankt und hat sein irdisches Dasein hinter sich gelassen. Die Erinnerungen an Carson begleiten uns aber weiterhin.<\/p>\n\n\n\n<h4 class=\"wp-block-heading\"><strong>Mascha und Polly<\/strong><\/h4>\n\n\n\n<div class=\"wp-block-columns is-layout-flex wp-container-core-columns-is-layout-28f84493 wp-block-columns-is-layout-flex\">\n<div class=\"wp-block-column is-layout-flow wp-block-column-is-layout-flow\" style=\"flex-basis:100%\">\n<div class=\"wp-block-group is-layout-grid wp-container-core-group-is-layout-478b6e6b wp-block-group-is-layout-grid\">\n<figure class=\"wp-block-image size-large is-style-rounded wp-container-content-69bc4bdf is-style-rounded--6\"><img loading=\"lazy\" decoding=\"async\" width=\"1024\" height=\"1024\" src=\"https:\/\/katzundratz.de\/wp-content\/uploads\/2025\/09\/image_50444801-1024x1024.jpg\" alt=\"Katze auf dem Schreibtisch\" class=\"wp-image-32\" srcset=\"https:\/\/katzundratz.de\/wp-content\/uploads\/2025\/09\/image_50444801-1024x1024.jpg 1024w, https:\/\/katzundratz.de\/wp-content\/uploads\/2025\/09\/image_50444801-300x300.jpg 300w, https:\/\/katzundratz.de\/wp-content\/uploads\/2025\/09\/image_50444801-150x150.jpg 150w, https:\/\/katzundratz.de\/wp-content\/uploads\/2025\/09\/image_50444801-768x768.jpg 768w, https:\/\/katzundratz.de\/wp-content\/uploads\/2025\/09\/image_50444801-1536x1536.jpg 1536w, https:\/\/katzundratz.de\/wp-content\/uploads\/2025\/09\/image_50444801-2048x2048.jpg 2048w\" sizes=\"auto, (max-width: 1024px) 100vw, 1024px\" \/><\/figure>\n\n\n\n<figure class=\"wp-block-image size-medium is-style-rounded is-style-rounded--7\"><img loading=\"lazy\" decoding=\"async\" width=\"300\" height=\"300\" src=\"https:\/\/katzundratz.de\/wp-content\/uploads\/2025\/10\/Bild6q-300x300.jpg\" alt=\"\" class=\"wp-image-185\" srcset=\"https:\/\/katzundratz.de\/wp-content\/uploads\/2025\/10\/Bild6q-300x300.jpg 300w, https:\/\/katzundratz.de\/wp-content\/uploads\/2025\/10\/Bild6q-1024x1024.jpg 1024w, https:\/\/katzundratz.de\/wp-content\/uploads\/2025\/10\/Bild6q-150x150.jpg 150w, https:\/\/katzundratz.de\/wp-content\/uploads\/2025\/10\/Bild6q-768x768.jpg 768w, https:\/\/katzundratz.de\/wp-content\/uploads\/2025\/10\/Bild6q-1536x1536.jpg 1536w, https:\/\/katzundratz.de\/wp-content\/uploads\/2025\/10\/Bild6q-2048x2048.jpg 2048w\" sizes=\"auto, (max-width: 300px) 100vw, 300px\" \/><\/figure>\n<\/div>\n<\/div>\n<\/div>\n\n\n\n<p class=\"has-text-align-left\">Nach und nach zogen weitere Katzen bei uns ein. Polly und Mascha sind beide &#8222;Langsitzer&#8220; aus dem Tierheim. Wir gehen davon aus, dass sie als junge Katzen nicht viel Kontakt zu Menschen hatten. Sie waren anfangs sehr scheu und haben sich lange Zeit versteckt. Mit viel Geduld hat sich das ge\u00e4ndert. Polly und Mascha sind inzwischen wahnsinnig verschmust. Nur bei Besuch machen sie sich weiterhin unsichtbar.<\/p>\n\n\n\n<p class=\"has-text-align-left\">Mit beiden Katzen mache ich zu Hause Clicker-Training. Mascha ist dabei eher gem\u00fctlich unterwegs und \u00fcberlegt bei jeder \u00dcbung, ob sich die M\u00fche wirklich lohnt. Polly hingegen hat richtig Lust aufs Training, lernt schnell und zeigt ganz stolz, was sie kann.<\/p>\n\n\n\n<p class=\"has-text-align-left\">Maschas Mutter hat auch eine Weile bei uns gelebt. Sie ist aber scheu geblieben.<\/p>\n\n\n\n<h4 class=\"wp-block-heading\"><strong>Hund und Katz<\/strong><\/h4>\n\n\n\n<p class=\"has-text-align-left\">Unseren Vielpfotenhaushalt komplett macht eine liebe, mittelgro\u00dfe Mischlingsh\u00fcndin.<\/p>\n\n\n\n<figure class=\"wp-block-gallery has-nested-images columns-default is-cropped wp-block-gallery-9 is-layout-flex wp-block-gallery-is-layout-flex\">\n<figure class=\"wp-block-image size-large is-style-rounded is-style-rounded--8\"><img loading=\"lazy\" decoding=\"async\" width=\"1024\" height=\"768\" data-id=\"107\" src=\"https:\/\/katzundratz.de\/wp-content\/uploads\/2025\/09\/P1140190-1024x768.jpg\" alt=\"\" class=\"wp-image-107\" srcset=\"https:\/\/katzundratz.de\/wp-content\/uploads\/2025\/09\/P1140190-1024x768.jpg 1024w, https:\/\/katzundratz.de\/wp-content\/uploads\/2025\/09\/P1140190-300x225.jpg 300w, https:\/\/katzundratz.de\/wp-content\/uploads\/2025\/09\/P1140190-768x576.jpg 768w, https:\/\/katzundratz.de\/wp-content\/uploads\/2025\/09\/P1140190-1536x1152.jpg 1536w, https:\/\/katzundratz.de\/wp-content\/uploads\/2025\/09\/P1140190-2048x1536.jpg 2048w\" sizes=\"auto, (max-width: 1024px) 100vw, 1024px\" \/><\/figure>\n<\/figure>\n\n\n\n<p class=\"has-text-align-left\"><\/p>\n\n\n\n<h4 class=\"wp-block-heading has-text-align-left is-style-asterisk\"><strong>Tierpsychologie und Katzenverhalten<\/strong><\/h4>\n\n\n\n<h5 class=\"wp-block-heading\"><strong>Ausbildung an der SGD<\/strong><\/h5>\n\n\n\n<p>Von November 2024 bis Oktober 2025 habe ich den Lehrgang <strong>Tierpsychologie \u2013 Tierhaltung, Tierbetreuung, Tierverhaltenstherapie<\/strong> an der SGD belegt und habe mit der Gesamtnote &#8222;Sehr gut&#8220; abgeschlossen. Inhalte der Ausbildung bezogen sich auf die Tierarten Hund, Katze, Pferd und Kleins\u00e4uger. Ich habe dadurch Fachwissen zu Verhaltenslehre, Beratung in Haltungs- und Erziehungsfragen sowie zum Umgang mit Verhaltensauff\u00e4lligkeiten erworben.<\/p>\n\n\n\n<h5 class=\"wp-block-heading\"><strong>Ausbildung an der ATN<\/strong> <strong>Akademie<\/strong><\/h5>\n\n\n\n<p>Seit November 2025 studiere ich zur Vertiefung der Thematik <strong>Katzenverhaltensberatung<\/strong> an der ATN Akademie.<\/p>\n\n\n\n<p class=\"has-small-font-size\"><\/p>\n\n\n\n<p><\/p>\n\n\n\n<h5 class=\"wp-block-heading\"><strong>Mitgliedschaft im VdTT &#8211; <\/strong><br><strong>Berufsverband der Tierverhaltensberater und -trainer e. V.<\/strong><\/h5>\n\n\n\n<figure class=\"wp-block-image size-full is-resized\"><img loading=\"lazy\" decoding=\"async\" width=\"300\" height=\"256\" src=\"https:\/\/katzundratz.de\/wp-content\/uploads\/2025\/11\/vdtt-logo-zertifiziert.jpg\" alt=\"\" class=\"wp-image-502\" style=\"width:190px;height:auto\"\/><\/figure>\n\n\n\n<h5 class=\"wp-block-heading\"><strong>Weitere Schulungen zu Katze und Katzenverhaltensberatung<\/strong><\/h5>\n\n\n\n<p>Ich m\u00f6chte mich fortw\u00e4hrend weiterbilden und auch bei aktuellen Entwicklungen auf dem Laufenden bleiben. Daher habe ich unter anderem folgende Schulungen und Seminare besucht:<\/p>\n\n\n\n<ul class=\"wp-block-list\">\n<li>August 2025 &#8211; Clicker die Katz! Einf\u00fchlsames Katzentraining Theorie 1 und Praxis 1 (Online-Selbstlernkurse, Referentin: Christine Hauschild)<\/li>\n\n\n\n<li>Oktober 2025 &#8211; Praxisseminar zur Tierpsychologie der SGD<\/li>\n\n\n\n<li>Oktober 2025 &#8211; Warnstufe Rot: Schweres aggressives Verhalten gegen\u00fcber Menschen (Veranstalter: Happy Miez, Referentin: Sabine Schroll)<\/li>\n\n\n\n<li>Dezember 2025 &#8211; Alte Katze: Was ist normal und was bedenklich? (Veranstalter: Happy Miez, Referentin: Sabine Schroll)<\/li>\n\n\n\n<li>Februar 2026 &#8211; Warnstufe Orange: Aggressives Verhalten gegen\u00fcber Menschen (Veranstalter: Happy Miez, Referentin: Sabine Schroll)<\/li>\n\n\n\n<li>Februar 2026 &#8211; Resilienz &#8211; Mach deine Katze zum Steh-auf-K\u00e4tzchen! (Online-Selbstlernkurs, Referentin: Christine Hauschild)<\/li>\n<\/ul>\n\n\n\n<h5 class=\"wp-block-heading\"><strong>Weitere Schulungen zu Kleins\u00e4ugern<\/strong><\/h5>\n\n\n\n<ul class=\"wp-block-list\">\n<li>November 2025 &#8211; Tiergerechte Haltung von Kleins\u00e4ugern &#8211; Grundlagen (Online-Fortbildung der Heimtier Akademie, ZZF)<\/li>\n\n\n\n<li>November 2025 &#8211; Tiergerechte Haltung h\u00e4ufig gehaltener Nagetiere (Online-Fortbildung der Heimtier Akademie, ZZF)<\/li>\n<\/ul>\n\n\n\n<figure class=\"wp-block-image size-large is-style-rounded is-style-rounded--10\"><img loading=\"lazy\" decoding=\"async\" width=\"1024\" height=\"1024\" src=\"https:\/\/katzundratz.de\/wp-content\/uploads\/2025\/10\/PXL_20250412_1212208093-1-1024x1024.jpg\" alt=\"\" class=\"wp-image-408\" srcset=\"https:\/\/katzundratz.de\/wp-content\/uploads\/2025\/10\/PXL_20250412_1212208093-1-1024x1024.jpg 1024w, https:\/\/katzundratz.de\/wp-content\/uploads\/2025\/10\/PXL_20250412_1212208093-1-300x300.jpg 300w, https:\/\/katzundratz.de\/wp-content\/uploads\/2025\/10\/PXL_20250412_1212208093-1-150x150.jpg 150w, https:\/\/katzundratz.de\/wp-content\/uploads\/2025\/10\/PXL_20250412_1212208093-1-768x768.jpg 768w, https:\/\/katzundratz.de\/wp-content\/uploads\/2025\/10\/PXL_20250412_1212208093-1-1536x1536.jpg 1536w, https:\/\/katzundratz.de\/wp-content\/uploads\/2025\/10\/PXL_20250412_1212208093-1-2048x2048.jpg 2048w\" sizes=\"auto, (max-width: 1024px) 100vw, 1024px\" \/><\/figure>\n\n\n\n<p>Gerne m\u00f6chte ich mein Wissen und meine Erfahrungen weitergeben. Denn ich wei\u00df, wie sch\u00f6n das Zusammenleben mit Katzen sein kann, wenn Katze und Mensch gl\u00fccklich und zufrieden sind.<\/p>\n\n\n\n<p>Seit November 2025 berate ich daher Katzenhalterinnen und Katzenhalter.<\/p>\n\n\n\n<p>Ab M\u00e4rz 2026 biete ich auch Beratung zur Haltung von Kleins\u00e4ugern an.<\/p>\n\n\n\n<p><\/p>\n\n\n\n<p class=\"has-text-align-left\">Ich freue mich, wenn ich auch Ihnen und Ihren Haustieren beim harmonischen Zusammenleben helfen kann.<\/p>\n\n\n\n<p><strong>Ihre Katja John<\/strong><\/p>\n\n\n\n<p><\/p>\n","protected":false},"excerpt":{"rendered":"<p>Ich bin im N\u00fcrnberger Land geboren und aufgewachsen. Durch das l\u00e4ndlich gepr\u00e4gte Umfeld konnte ich von klein auf verschiedenste Erfahrungen mit Haustieren, Wildtieren und Bauernhoftieren sammeln. Nicht alle Erlebnisse mit Tieren waren sch\u00f6n. Manche waren schmerzhaft, manche traurig, die meisten aber wundervoll und f\u00fcr mich immer faszinierend. In der Schule war Biologie eines meiner Lieblingsf\u00e4cher. [&hellip;]<\/p>\n","protected":false},"author":1,"featured_media":51,"parent":0,"menu_order":2,"comment_status":"closed","ping_status":"closed","template":"","meta":{"footnotes":""},"class_list":["post-21","page","type-page","status-publish","has-post-thumbnail","hentry"],"_links":{"self":[{"href":"https:\/\/katzundratz.de\/index.php\/wp-json\/wp\/v2\/pages\/21","targetHints":{"allow":["GET"]}}],"collection":[{"href":"https:\/\/katzundratz.de\/index.php\/wp-json\/wp\/v2\/pages"}],"about":[{"href":"https:\/\/katzundratz.de\/index.php\/wp-json\/wp\/v2\/types\/page"}],"author":[{"embeddable":true,"href":"https:\/\/katzundratz.de\/index.php\/wp-json\/wp\/v2\/users\/1"}],"replies":[{"embeddable":true,"href":"https:\/\/katzundratz.de\/index.php\/wp-json\/wp\/v2\/comments?post=21"}],"version-history":[{"count":117,"href":"https:\/\/katzundratz.de\/index.php\/wp-json\/wp\/v2\/pages\/21\/revisions"}],"predecessor-version":[{"id":676,"href":"https:\/\/katzundratz.de\/index.php\/wp-json\/wp\/v2\/pages\/21\/revisions\/676"}],"wp:featuredmedia":[{"embeddable":true,"href":"https:\/\/katzundratz.de\/index.php\/wp-json\/wp\/v2\/media\/51"}],"wp:attachment":[{"href":"https:\/\/katzundratz.de\/index.php\/wp-json\/wp\/v2\/media?parent=21"}],"curies":[{"name":"wp","href":"https:\/\/api.w.org\/{rel}","templated":true}]}}